{"id":52,"date":"2025-05-08T21:11:49","date_gmt":"2025-05-08T19:11:49","guid":{"rendered":"https:\/\/kravmaga-blackbelt-93.fr\/?page_id=52"},"modified":"2025-11-11T17:57:18","modified_gmt":"2025-11-11T16:57:18","slug":"notre-club","status":"publish","type":"page","link":"https:\/\/kravmaga-blackbelt-93.fr\/","title":{"rendered":"Le Club"},"content":{"rendered":"\n<div class=\"wp-block-group is-vertical is-content-justification-stretch is-layout-flex wp-container-core-group-is-layout-8bc801aa wp-block-group-is-layout-flex\">\n<h2 class=\"wp-block-heading alignwide has-text-align-center has-large-font-size wp-container-content-9cfa9a5a\" id=\"we-re-a-studio-in-berlin-with-an-international-practice-in-architecture-urban-planning-and-interior-design-we-believe-in-sharing-knowledge-and-promoting-dialogue-to-increase-the-creative-potential-of-collaboration\" style=\"line-height:1.1\"><strong>Krav Maga Black Belt 93<\/strong><\/h2>\n\n\n\n<p class=\"has-text-align-center\" style=\"font-size:28px\"><strong>L&#8217;esprit d&#8217;une \u00e9quipe, la rigueur d&#8217;un art martial.<\/strong><\/p>\n<\/div>\n\n\n\n<p><br><\/p>\n\n\n\n<p><\/p>\n\n\n\n<p>Notre club, Krav Maga Black Belt 93, est n\u00e9 d&#8217;une belle histoire d&#8217;amiti\u00e9 et d&#8217;une passion commune pour le Krav Maga. Fond\u00e9 par une bande de <strong>cinq copains, pratiquants de longue date<\/strong>, notre objectif a toujours \u00e9t\u00e9 de partager notre exp\u00e9rience et notre amour pour cette discipline exigeante et efficace.<\/p>\n\n\n<div class=\"wp-block-image\">\n<figure class=\"aligncenter size-full\"><img loading=\"lazy\" decoding=\"async\" width=\"2560\" height=\"2048\" src=\"http:\/\/kravmaga-blackbelt-93.fr\/wp-content\/uploads\/Groupe4-scaled.jpg\" alt=\"\" class=\"wp-image-424\" srcset=\"https:\/\/kravmaga-blackbelt-93.fr\/wp-content\/uploads\/Groupe4-scaled.jpg 2560w, https:\/\/kravmaga-blackbelt-93.fr\/wp-content\/uploads\/Groupe4-300x240.jpg 300w\" sizes=\"auto, (max-width: 2560px) 100vw, 2560px\" \/><\/figure>\n<\/div>\n\n\n<p>Depuis sa cr\u00e9ation, notre club s&#8217;est forg\u00e9 une identit\u00e9 forte, bas\u00e9e sur des valeurs essentielles : une <strong>bonne ambiance<\/strong> et un <strong>bon esprit<\/strong> sont au c\u0153ur de nos entra\u00eenements. Nous cultivons le <strong>respect<\/strong> mutuel, la <strong>convivialit\u00e9<\/strong> et un v\u00e9ritable <strong>esprit d&#8217;\u00e9quipe<\/strong>.<\/p>\n\n\n\n<p>Si la camaraderie est importante, nous n&#8217;en oublions pas la <strong>rigueur<\/strong> n\u00e9cessaire \u00e0 la progression en Krav Maga. Nos cours sont structur\u00e9s pour vous permettre d&#8217;acqu\u00e9rir les techniques et les r\u00e9flexes essentiels dans un environnement \u00e0 la fois stimulant et bienveillant dans une structure flambant neuve (Dojo\/Gymnase\/\u00e9quipements adapt\u00e9s au Krav Maga).<\/p>\n\n\n\n<p>Rejoindre Krav Maga Black Belt 93, c&#8217;est int\u00e9grer une communaut\u00e9 o\u00f9 l&#8217;entraide et le d\u00e9passement de soi sont encourag\u00e9s. Que vous soyez d\u00e9butant ou pratiquant confirm\u00e9, vous trouverez votre place au sein de notre \u00e9quipe.<\/p>\n\n\n\n<p>Venez d\u00e9couvrir notre passion et partagez nos valeurs !<\/p>\n","protected":false},"excerpt":{"rendered":"<p>Krav Maga Black Belt 93 L&#8217;esprit d&#8217;une \u00e9quipe, la rigueur d&#8217;un art martial. Notre club, Krav Maga Black Belt 93, est n\u00e9 d&#8217;une belle histoire d&#8217;amiti\u00e9 et d&#8217;une passion commune pour le Krav Maga. Fond\u00e9 par une bande de cinq copains, pratiquants de longue date, notre objectif a toujours \u00e9t\u00e9 de partager notre exp\u00e9rience et [&hellip;]<\/p>\n","protected":false},"author":1,"featured_media":0,"parent":0,"menu_order":0,"comment_status":"closed","ping_status":"closed","template":"","meta":{"footnotes":""},"class_list":["post-52","page","type-page","status-publish","hentry"],"yoast_head":"<!-- This site is optimized with the Yoast SEO plugin v27.5 - https:\/\/yoast.com\/product\/yoast-seo-wordpress\/ -->\n<title>Le Club - Krav Maga Black Belt 93<\/title>\n<meta name=\"robots\" content=\"index, follow, max-snippet:-1, max-image-preview:large, max-video-preview:-1\" \/>\n<link rel=\"canonical\" href=\"https:\/\/kravmaga-blackbelt-93.fr\/\" \/>\n<meta property=\"og:locale\" content=\"en_US\" \/>\n<meta property=\"og:type\" content=\"article\" \/>\n<meta property=\"og:title\" content=\"Le Club - Krav Maga Black Belt 93\" \/>\n<meta property=\"og:description\" content=\"Krav Maga Black Belt 93 L&#8217;esprit d&#8217;une \u00e9quipe, la rigueur d&#8217;un art martial. Notre club, Krav Maga Black Belt 93, est n\u00e9 d&#8217;une belle histoire d&#8217;amiti\u00e9 et d&#8217;une passion commune pour le Krav Maga. Fond\u00e9 par une bande de cinq copains, pratiquants de longue date, notre objectif a toujours \u00e9t\u00e9 de partager notre exp\u00e9rience et [&hellip;]\" \/>\n<meta property=\"og:url\" content=\"https:\/\/kravmaga-blackbelt-93.fr\/\" \/>\n<meta property=\"og:site_name\" content=\"Krav Maga Black Belt 93\" \/>\n<meta property=\"article:publisher\" content=\"https:\/\/www.facebook.com\/people\/Krav-Maga-BlackBelt\/61565493506169\" \/>\n<meta property=\"article:modified_time\" content=\"2025-11-11T16:57:18+00:00\" \/>\n<meta property=\"og:image\" content=\"https:\/\/kravmaga-blackbelt-93.fr\/wp-content\/uploads\/Groupe4-scaled.jpg\" \/>\n\t<meta property=\"og:image:width\" content=\"2560\" \/>\n\t<meta property=\"og:image:height\" content=\"2048\" \/>\n\t<meta property=\"og:image:type\" content=\"image\/jpeg\" \/>\n<meta name=\"twitter:card\" content=\"summary_large_image\" \/>\n<meta name=\"twitter:label1\" content=\"Est. reading time\" \/>\n\t<meta name=\"twitter:data1\" content=\"2 minutes\" \/>\n<script type=\"application\/ld+json\" class=\"yoast-schema-graph\">{\"@context\":\"https:\\\/\\\/schema.org\",\"@graph\":[{\"@type\":\"WebPage\",\"@id\":\"https:\\\/\\\/kravmaga-blackbelt-93.fr\\\/\",\"url\":\"https:\\\/\\\/kravmaga-blackbelt-93.fr\\\/\",\"name\":\"Le Club - Krav Maga Black Belt 93\",\"isPartOf\":{\"@id\":\"https:\\\/\\\/kravmaga-blackbelt-93.fr\\\/#website\"},\"primaryImageOfPage\":{\"@id\":\"https:\\\/\\\/kravmaga-blackbelt-93.fr\\\/#primaryimage\"},\"image\":{\"@id\":\"https:\\\/\\\/kravmaga-blackbelt-93.fr\\\/#primaryimage\"},\"thumbnailUrl\":\"http:\\\/\\\/kravmaga-blackbelt-93.fr\\\/wp-content\\\/uploads\\\/Groupe4-scaled.jpg\",\"datePublished\":\"2025-05-08T19:11:49+00:00\",\"dateModified\":\"2025-11-11T16:57:18+00:00\",\"breadcrumb\":{\"@id\":\"https:\\\/\\\/kravmaga-blackbelt-93.fr\\\/#breadcrumb\"},\"inLanguage\":\"en-US\",\"potentialAction\":[{\"@type\":\"ReadAction\",\"target\":[\"https:\\\/\\\/kravmaga-blackbelt-93.fr\\\/\"]}]},{\"@type\":\"ImageObject\",\"inLanguage\":\"en-US\",\"@id\":\"https:\\\/\\\/kravmaga-blackbelt-93.fr\\\/#primaryimage\",\"url\":\"https:\\\/\\\/kravmaga-blackbelt-93.fr\\\/wp-content\\\/uploads\\\/Groupe4-scaled.jpg\",\"contentUrl\":\"https:\\\/\\\/kravmaga-blackbelt-93.fr\\\/wp-content\\\/uploads\\\/Groupe4-scaled.jpg\",\"width\":2560,\"height\":2048},{\"@type\":\"BreadcrumbList\",\"@id\":\"https:\\\/\\\/kravmaga-blackbelt-93.fr\\\/#breadcrumb\",\"itemListElement\":[{\"@type\":\"ListItem\",\"position\":1,\"name\":\"Accueil\",\"item\":\"https:\\\/\\\/kravmaga-blackbelt-93.fr\\\/\"},{\"@type\":\"ListItem\",\"position\":2,\"name\":\"Le Club\"}]},{\"@type\":\"WebSite\",\"@id\":\"https:\\\/\\\/kravmaga-blackbelt-93.fr\\\/#website\",\"url\":\"https:\\\/\\\/kravmaga-blackbelt-93.fr\\\/\",\"name\":\"Krav Maga Black Belt 93\",\"description\":\"\",\"publisher\":{\"@id\":\"https:\\\/\\\/kravmaga-blackbelt-93.fr\\\/#organization\"},\"alternateName\":\"KM2B93 KMBB93 Krav Maga Aulnay sous Bois\",\"potentialAction\":[{\"@type\":\"SearchAction\",\"target\":{\"@type\":\"EntryPoint\",\"urlTemplate\":\"https:\\\/\\\/kravmaga-blackbelt-93.fr\\\/?s={search_term_string}\"},\"query-input\":{\"@type\":\"PropertyValueSpecification\",\"valueRequired\":true,\"valueName\":\"search_term_string\"}}],\"inLanguage\":\"en-US\"},{\"@type\":\"Organization\",\"@id\":\"https:\\\/\\\/kravmaga-blackbelt-93.fr\\\/#organization\",\"name\":\"Krav Maga Black Belt 93 - Aulnay sous Bois\",\"url\":\"https:\\\/\\\/kravmaga-blackbelt-93.fr\\\/\",\"logo\":{\"@type\":\"ImageObject\",\"inLanguage\":\"en-US\",\"@id\":\"https:\\\/\\\/kravmaga-blackbelt-93.fr\\\/#\\\/schema\\\/logo\\\/image\\\/\",\"url\":\"https:\\\/\\\/kravmaga-blackbelt-93.fr\\\/wp-content\\\/uploads\\\/2025\\\/08\\\/cropped-Logo-New.jpg\",\"contentUrl\":\"https:\\\/\\\/kravmaga-blackbelt-93.fr\\\/wp-content\\\/uploads\\\/2025\\\/08\\\/cropped-Logo-New.jpg\",\"width\":1282,\"height\":1328,\"caption\":\"Krav Maga Black Belt 93 - Aulnay sous Bois\"},\"image\":{\"@id\":\"https:\\\/\\\/kravmaga-blackbelt-93.fr\\\/#\\\/schema\\\/logo\\\/image\\\/\"},\"sameAs\":[\"https:\\\/\\\/www.facebook.com\\\/people\\\/Krav-Maga-BlackBelt\\\/61565493506169\",\"https:\\\/\\\/www.instagram.com\\\/kravmaga.blackbelt.93\",\"https:\\\/\\\/share.google\\\/cUAo8vgkkXyy5NLsB\"]}]}<\/script>\n<!-- \/ Yoast SEO plugin. -->","yoast_head_json":{"title":"Le Club - Krav Maga Black Belt 93","robots":{"index":"index","follow":"follow","max-snippet":"max-snippet:-1","max-image-preview":"max-image-preview:large","max-video-preview":"max-video-preview:-1"},"canonical":"https:\/\/kravmaga-blackbelt-93.fr\/","og_locale":"en_US","og_type":"article","og_title":"Le Club - Krav Maga Black Belt 93","og_description":"Krav Maga Black Belt 93 L&#8217;esprit d&#8217;une \u00e9quipe, la rigueur d&#8217;un art martial. Notre club, Krav Maga Black Belt 93, est n\u00e9 d&#8217;une belle histoire d&#8217;amiti\u00e9 et d&#8217;une passion commune pour le Krav Maga. Fond\u00e9 par une bande de cinq copains, pratiquants de longue date, notre objectif a toujours \u00e9t\u00e9 de partager notre exp\u00e9rience et [&hellip;]","og_url":"https:\/\/kravmaga-blackbelt-93.fr\/","og_site_name":"Krav Maga Black Belt 93","article_publisher":"https:\/\/www.facebook.com\/people\/Krav-Maga-BlackBelt\/61565493506169","article_modified_time":"2025-11-11T16:57:18+00:00","og_image":[{"width":2560,"height":2048,"url":"https:\/\/kravmaga-blackbelt-93.fr\/wp-content\/uploads\/Groupe4-scaled.jpg","type":"image\/jpeg"}],"twitter_card":"summary_large_image","twitter_misc":{"Est. reading time":"2 minutes"},"schema":{"@context":"https:\/\/schema.org","@graph":[{"@type":"WebPage","@id":"https:\/\/kravmaga-blackbelt-93.fr\/","url":"https:\/\/kravmaga-blackbelt-93.fr\/","name":"Le Club - Krav Maga Black Belt 93","isPartOf":{"@id":"https:\/\/kravmaga-blackbelt-93.fr\/#website"},"primaryImageOfPage":{"@id":"https:\/\/kravmaga-blackbelt-93.fr\/#primaryimage"},"image":{"@id":"https:\/\/kravmaga-blackbelt-93.fr\/#primaryimage"},"thumbnailUrl":"http:\/\/kravmaga-blackbelt-93.fr\/wp-content\/uploads\/Groupe4-scaled.jpg","datePublished":"2025-05-08T19:11:49+00:00","dateModified":"2025-11-11T16:57:18+00:00","breadcrumb":{"@id":"https:\/\/kravmaga-blackbelt-93.fr\/#breadcrumb"},"inLanguage":"en-US","potentialAction":[{"@type":"ReadAction","target":["https:\/\/kravmaga-blackbelt-93.fr\/"]}]},{"@type":"ImageObject","inLanguage":"en-US","@id":"https:\/\/kravmaga-blackbelt-93.fr\/#primaryimage","url":"https:\/\/kravmaga-blackbelt-93.fr\/wp-content\/uploads\/Groupe4-scaled.jpg","contentUrl":"https:\/\/kravmaga-blackbelt-93.fr\/wp-content\/uploads\/Groupe4-scaled.jpg","width":2560,"height":2048},{"@type":"BreadcrumbList","@id":"https:\/\/kravmaga-blackbelt-93.fr\/#breadcrumb","itemListElement":[{"@type":"ListItem","position":1,"name":"Accueil","item":"https:\/\/kravmaga-blackbelt-93.fr\/"},{"@type":"ListItem","position":2,"name":"Le Club"}]},{"@type":"WebSite","@id":"https:\/\/kravmaga-blackbelt-93.fr\/#website","url":"https:\/\/kravmaga-blackbelt-93.fr\/","name":"Krav Maga Black Belt 93","description":"","publisher":{"@id":"https:\/\/kravmaga-blackbelt-93.fr\/#organization"},"alternateName":"KM2B93 KMBB93 Krav Maga Aulnay sous Bois","potentialAction":[{"@type":"SearchAction","target":{"@type":"EntryPoint","urlTemplate":"https:\/\/kravmaga-blackbelt-93.fr\/?s={search_term_string}"},"query-input":{"@type":"PropertyValueSpecification","valueRequired":true,"valueName":"search_term_string"}}],"inLanguage":"en-US"},{"@type":"Organization","@id":"https:\/\/kravmaga-blackbelt-93.fr\/#organization","name":"Krav Maga Black Belt 93 - Aulnay sous Bois","url":"https:\/\/kravmaga-blackbelt-93.fr\/","logo":{"@type":"ImageObject","inLanguage":"en-US","@id":"https:\/\/kravmaga-blackbelt-93.fr\/#\/schema\/logo\/image\/","url":"https:\/\/kravmaga-blackbelt-93.fr\/wp-content\/uploads\/2025\/08\/cropped-Logo-New.jpg","contentUrl":"https:\/\/kravmaga-blackbelt-93.fr\/wp-content\/uploads\/2025\/08\/cropped-Logo-New.jpg","width":1282,"height":1328,"caption":"Krav Maga Black Belt 93 - Aulnay sous Bois"},"image":{"@id":"https:\/\/kravmaga-blackbelt-93.fr\/#\/schema\/logo\/image\/"},"sameAs":["https:\/\/www.facebook.com\/people\/Krav-Maga-BlackBelt\/61565493506169","https:\/\/www.instagram.com\/kravmaga.blackbelt.93","https:\/\/share.google\/cUAo8vgkkXyy5NLsB"]}]}},"_links":{"self":[{"href":"https:\/\/kravmaga-blackbelt-93.fr\/index.php\/wp-json\/wp\/v2\/pages\/52","targetHints":{"allow":["GET"]}}],"collection":[{"href":"https:\/\/kravmaga-blackbelt-93.fr\/index.php\/wp-json\/wp\/v2\/pages"}],"about":[{"href":"https:\/\/kravmaga-blackbelt-93.fr\/index.php\/wp-json\/wp\/v2\/types\/page"}],"author":[{"embeddable":true,"href":"https:\/\/kravmaga-blackbelt-93.fr\/index.php\/wp-json\/wp\/v2\/users\/1"}],"replies":[{"embeddable":true,"href":"https:\/\/kravmaga-blackbelt-93.fr\/index.php\/wp-json\/wp\/v2\/comments?post=52"}],"version-history":[{"count":42,"href":"https:\/\/kravmaga-blackbelt-93.fr\/index.php\/wp-json\/wp\/v2\/pages\/52\/revisions"}],"predecessor-version":[{"id":426,"href":"https:\/\/kravmaga-blackbelt-93.fr\/index.php\/wp-json\/wp\/v2\/pages\/52\/revisions\/426"}],"wp:attachment":[{"href":"https:\/\/kravmaga-blackbelt-93.fr\/index.php\/wp-json\/wp\/v2\/media?parent=52"}],"curies":[{"name":"wp","href":"https:\/\/api.w.org\/{rel}","templated":true}]}}