{"id":346,"date":"2025-10-09T14:08:21","date_gmt":"2025-10-09T12:08:21","guid":{"rendered":"https:\/\/kravmaga-blackbelt-93.fr\/?page_id=346"},"modified":"2025-10-15T07:46:41","modified_gmt":"2025-10-15T05:46:41","slug":"partenaires","status":"publish","type":"page","link":"https:\/\/kravmaga-blackbelt-93.fr\/index.php\/partenaires\/","title":{"rendered":"Partenaires"},"content":{"rendered":"\n<h2 class=\"wp-block-heading alignwide has-text-align-center\" id=\"we-re-a-studio-in-berlin-with-an-international-practice-in-architecture-urban-planning-and-interior-design-we-believe-in-sharing-knowledge-and-promoting-dialogue-to-increase-the-creative-potential-of-collaboration\" style=\"font-size:48px;line-height:1.1\">Nos Partenaires Privil\u00e9gi\u00e9s<\/h2>\n\n\n\n<figure class=\"wp-block-image size-large is-resized\"><img decoding=\"async\" src=\"https:\/\/cdnii.e-i.com\/INGR\/sd\/cic_2023\/7.122.4\/fr\/images\/css\/env\/logo.svg\" alt=\"\" style=\"width:200px;height:auto\"\/><\/figure>\n\n\n\n<div class=\"wp-block-group is-vertical is-layout-flex wp-container-core-group-is-layout-8cf370e7 wp-block-group-is-layout-flex\">\n<p>Chez <strong>Krav Maga Black Belt 93<\/strong>, nous ne nous battons pas seulement sur le tapis ; nous cherchons aussi \u00e0 vous offrir des avantages concrets dans la vie de tous les jours ! \ud83e\udd4a<\/p>\n\n\n\n<p>C&#8217;est pourquoi nous sommes fiers de vous annoncer notre partenariat exclusif avec le <strong>CIC<\/strong> ! \ud83e\udd1d<\/p>\n\n\n\n<div style=\"height:30px\" aria-hidden=\"true\" class=\"wp-block-spacer wp-container-content-cf2db169\"><\/div>\n\n\n\n<h3 class=\"wp-block-heading\">Un Coup de Pouce GAGNANT-GAGNANT !<\/h3>\n\n\n\n<p>En tant qu&#8217;adh\u00e9rent du club <strong>Krav Maga Black Belt 93<\/strong>, vous b\u00e9n\u00e9ficiez d&#8217;une <strong>Offre de Bienvenue<\/strong> et d&#8217;avantages pr\u00e9f\u00e9rentiels. Ouvrez un compte au CIC et la banque vous reverse <strong>50 \u20ac<\/strong> sur votre licence ou cotisation annuelle !<\/p>\n\n\n\n<p>Mieux encore : pour chaque nouvelle ouverture de compte par un de nos membres, le club re\u00e7oit \u00e9galement <strong>50 \u20ac<\/strong>. Ce soutien doublement efficace nous aide directement \u00e0 financer nos \u00e9quipements et nos \u00e9v\u00e9nements.<\/p>\n\n\n\n<p>Nous saluons la <strong>g\u00e9n\u00e9rosit\u00e9 du CIC<\/strong> qui d\u00e9montre son engagement \u00e0 nos c\u00f4t\u00e9s. En nous accompagnant, le CIC investit dans la dynamique de notre club et le succ\u00e8s de tous nos adh\u00e9rents. C&#8217;est plus qu&#8217;une banque, c&#8217;est un v\u00e9ritable partenaire sur qui compter !<\/p>\n\n\n\n<div style=\"height:30px\" aria-hidden=\"true\" class=\"wp-block-spacer wp-container-content-cf2db169\"><\/div>\n\n\n\n<h3 class=\"wp-block-heading\">Profitez de Votre Avantage<\/h3>\n\n\n\n<p><strong>Pour d\u00e9couvrir les conditions d&#8217;\u00e9ligibilit\u00e9<\/strong> et profiter de cette offre, consultez sans tarder la page d\u00e9di\u00e9e \u00e0 nos partenariats :<\/p>\n\n\n\n<p>\u27a1\ufe0f <strong><a href=\"https:\/\/www.cic.fr\/fr\/particuliers\/comptes\/bienvenue-speciale-partenaires.html#:~:text=Vous%20%C3%AAtes%20adh%C3%A9rent%20d'association,une%20entreprise%20partenaire%20du%20CIC%20%3F\" target=\"_blank\" rel=\"noreferrer noopener\">D\u00e9couvrez tous les avantages ici !<\/a><\/strong><\/p>\n<\/div>\n\n\n\n<figure class=\"wp-block-image size-large is-resized\"><img loading=\"lazy\" decoding=\"async\" width=\"895\" height=\"1024\" src=\"https:\/\/kravmaga-blackbelt-93.fr\/wp-content\/uploads\/IMG20251010143323-1-895x1024.jpg\" alt=\"\" class=\"wp-image-365\" style=\"width:309px;height:auto\" srcset=\"https:\/\/kravmaga-blackbelt-93.fr\/wp-content\/uploads\/IMG20251010143323-1-895x1024.jpg 895w, https:\/\/kravmaga-blackbelt-93.fr\/wp-content\/uploads\/IMG20251010143323-1-262x300.jpg 262w, https:\/\/kravmaga-blackbelt-93.fr\/wp-content\/uploads\/IMG20251010143323-1-768x879.jpg 768w, https:\/\/kravmaga-blackbelt-93.fr\/wp-content\/uploads\/IMG20251010143323-1-1342x1536.jpg 1342w, https:\/\/kravmaga-blackbelt-93.fr\/wp-content\/uploads\/IMG20251010143323-1.jpg 1705w\" sizes=\"auto, (max-width: 895px) 100vw, 895px\" \/><\/figure>\n\n\n\n<div style=\"height:30px\" aria-hidden=\"true\" class=\"wp-block-spacer\"><\/div>\n\n\n\n<hr class=\"wp-block-separator alignwide has-alpha-channel-opacity is-style-wide\"\/>\n\n\n\n<div style=\"height:30px\" aria-hidden=\"true\" class=\"wp-block-spacer\"><\/div>\n\n\n\n<div class=\"wp-block-group is-vertical is-layout-flex wp-container-core-group-is-layout-8cf370e7 wp-block-group-is-layout-flex\">\n<div class=\"wp-block-group is-nowrap is-layout-flex wp-container-core-group-is-layout-ad2f72ca wp-block-group-is-layout-flex\">\n<figure class=\"wp-block-image size-full is-resized\"><img loading=\"lazy\" decoding=\"async\" width=\"225\" height=\"225\" src=\"https:\/\/kravmaga-blackbelt-93.fr\/wp-content\/uploads\/kine.jpeg\" alt=\"\" class=\"wp-image-370\" style=\"width:81px;height:auto\" srcset=\"https:\/\/kravmaga-blackbelt-93.fr\/wp-content\/uploads\/kine.jpeg 225w, https:\/\/kravmaga-blackbelt-93.fr\/wp-content\/uploads\/kine-150x150.jpeg 150w, https:\/\/kravmaga-blackbelt-93.fr\/wp-content\/uploads\/kine-100x100.jpeg 100w\" sizes=\"auto, (max-width: 225px) 100vw, 225px\" \/><\/figure>\n\n\n\n<h2 class=\"wp-block-heading\"><strong>Cabinet RIMEDI &#8211; Kin\u00e9sith\u00e9rapie du sportif<\/strong><\/h2>\n<\/div>\n\n\n\n<p><\/p>\n\n\n\n<p>S\u00e9bastien Rimedi propose aux adh\u00e9rents de Krav Maga Black Belt 93 des cr\u00e9neaux prioritaire pour un accompagnement de pro pour la pr\u00e9vention, la r\u00e9\u00e9ducation ou un bilan post-effort.<\/p>\n\n\n\n<p><strong>T\u00e9l\u00e9phone&nbsp;:&nbsp;<\/strong><a href=\"https:\/\/www.google.com\/search?sca_esv=2fbf338f0a78d459&amp;q=Cabinet+RIMEDI+-+Kin%C3%A9sith%C3%A9rapie+du+sportif&amp;si=AMgyJEuDKtOmISa9Akvtd6wQceP6KMdyloFoUI5CI2g3z4vsMVD8w3vna-qj2HGhgUyj6NzxO-3XnlAzI74lTNsnda1XraFThGgK4wBhGu7tSwI4BJByfwxmHg1l6tMkJKA2j5ciJcqfcGEVTuTVYuVTKe5SLww3eA%3D%3D&amp;sa=X&amp;ved=2ahUKEwjeh-7C4ZmQAxU7VKQEHRh8N4QQ_coHegQIMxAB&amp;biw=1920&amp;bih=919&amp;dpr=1#\">01 48 69 58 32<\/a><\/p>\n\n\n\n<p><strong>Adresse :&nbsp;<\/strong><a href=\"https:\/\/www.google.com\/maps\/place\/\/data=!4m2!3m1!1s0x47e613632f049cbf:0x51f224f0b7065967?sa=X&amp;ved=1t:8290&amp;ictx=111\">41 Rte de Bondy, 93600 Aulnay-sous-Bois<\/a><\/p>\n<\/div>\n","protected":false},"excerpt":{"rendered":"<p>Nos Partenaires Privil\u00e9gi\u00e9s Chez Krav Maga Black Belt 93, nous ne nous battons pas seulement sur le tapis ; nous cherchons aussi \u00e0 vous offrir des avantages concrets dans la vie de tous les jours ! \ud83e\udd4a C&#8217;est pourquoi nous sommes fiers de vous annoncer notre partenariat exclusif avec le CIC ! \ud83e\udd1d Un Coup [&hellip;]<\/p>\n","protected":false},"author":1,"featured_media":0,"parent":0,"menu_order":0,"comment_status":"closed","ping_status":"closed","template":"","meta":{"footnotes":""},"class_list":["post-346","page","type-page","status-publish","hentry"],"yoast_head":"<!-- This site is optimized with the Yoast SEO plugin v27.5 - https:\/\/yoast.com\/product\/yoast-seo-wordpress\/ -->\n<title>Partenaires - Krav Maga Black Belt 93<\/title>\n<meta name=\"robots\" content=\"index, follow, max-snippet:-1, max-image-preview:large, max-video-preview:-1\" \/>\n<link rel=\"canonical\" href=\"https:\/\/kravmaga-blackbelt-93.fr\/index.php\/partenaires\/\" \/>\n<meta property=\"og:locale\" content=\"en_US\" \/>\n<meta property=\"og:type\" content=\"article\" \/>\n<meta property=\"og:title\" content=\"Partenaires - Krav Maga Black Belt 93\" \/>\n<meta property=\"og:description\" content=\"Nos Partenaires Privil\u00e9gi\u00e9s Chez Krav Maga Black Belt 93, nous ne nous battons pas seulement sur le tapis ; nous cherchons aussi \u00e0 vous offrir des avantages concrets dans la vie de tous les jours ! \ud83e\udd4a C&#8217;est pourquoi nous sommes fiers de vous annoncer notre partenariat exclusif avec le CIC ! \ud83e\udd1d Un Coup [&hellip;]\" \/>\n<meta property=\"og:url\" content=\"https:\/\/kravmaga-blackbelt-93.fr\/index.php\/partenaires\/\" \/>\n<meta property=\"og:site_name\" content=\"Krav Maga Black Belt 93\" \/>\n<meta property=\"article:publisher\" content=\"https:\/\/www.facebook.com\/people\/Krav-Maga-BlackBelt\/61565493506169\" \/>\n<meta property=\"article:modified_time\" content=\"2025-10-15T05:46:41+00:00\" \/>\n<meta property=\"og:image\" content=\"https:\/\/cdnii.e-i.com\/INGR\/sd\/cic_2023\/7.122.4\/fr\/images\/css\/env\/logo.svg\" \/>\n<meta name=\"twitter:card\" content=\"summary_large_image\" \/>\n<meta name=\"twitter:label1\" content=\"Est. reading time\" \/>\n\t<meta name=\"twitter:data1\" content=\"2 minutes\" \/>\n<script type=\"application\/ld+json\" class=\"yoast-schema-graph\">{\"@context\":\"https:\\\/\\\/schema.org\",\"@graph\":[{\"@type\":\"WebPage\",\"@id\":\"https:\\\/\\\/kravmaga-blackbelt-93.fr\\\/index.php\\\/partenaires\\\/\",\"url\":\"https:\\\/\\\/kravmaga-blackbelt-93.fr\\\/index.php\\\/partenaires\\\/\",\"name\":\"Partenaires - Krav Maga Black Belt 93\",\"isPartOf\":{\"@id\":\"https:\\\/\\\/kravmaga-blackbelt-93.fr\\\/#website\"},\"primaryImageOfPage\":{\"@id\":\"https:\\\/\\\/kravmaga-blackbelt-93.fr\\\/index.php\\\/partenaires\\\/#primaryimage\"},\"image\":{\"@id\":\"https:\\\/\\\/kravmaga-blackbelt-93.fr\\\/index.php\\\/partenaires\\\/#primaryimage\"},\"thumbnailUrl\":\"https:\\\/\\\/cdnii.e-i.com\\\/INGR\\\/sd\\\/cic_2023\\\/7.122.4\\\/fr\\\/images\\\/css\\\/env\\\/logo.svg\",\"datePublished\":\"2025-10-09T12:08:21+00:00\",\"dateModified\":\"2025-10-15T05:46:41+00:00\",\"breadcrumb\":{\"@id\":\"https:\\\/\\\/kravmaga-blackbelt-93.fr\\\/index.php\\\/partenaires\\\/#breadcrumb\"},\"inLanguage\":\"en-US\",\"potentialAction\":[{\"@type\":\"ReadAction\",\"target\":[\"https:\\\/\\\/kravmaga-blackbelt-93.fr\\\/index.php\\\/partenaires\\\/\"]}]},{\"@type\":\"ImageObject\",\"inLanguage\":\"en-US\",\"@id\":\"https:\\\/\\\/kravmaga-blackbelt-93.fr\\\/index.php\\\/partenaires\\\/#primaryimage\",\"url\":\"https:\\\/\\\/cdnii.e-i.com\\\/INGR\\\/sd\\\/cic_2023\\\/7.122.4\\\/fr\\\/images\\\/css\\\/env\\\/logo.svg\",\"contentUrl\":\"https:\\\/\\\/cdnii.e-i.com\\\/INGR\\\/sd\\\/cic_2023\\\/7.122.4\\\/fr\\\/images\\\/css\\\/env\\\/logo.svg\"},{\"@type\":\"BreadcrumbList\",\"@id\":\"https:\\\/\\\/kravmaga-blackbelt-93.fr\\\/index.php\\\/partenaires\\\/#breadcrumb\",\"itemListElement\":[{\"@type\":\"ListItem\",\"position\":1,\"name\":\"Accueil\",\"item\":\"https:\\\/\\\/kravmaga-blackbelt-93.fr\\\/\"},{\"@type\":\"ListItem\",\"position\":2,\"name\":\"Partenaires\"}]},{\"@type\":\"WebSite\",\"@id\":\"https:\\\/\\\/kravmaga-blackbelt-93.fr\\\/#website\",\"url\":\"https:\\\/\\\/kravmaga-blackbelt-93.fr\\\/\",\"name\":\"Krav Maga Black Belt 93\",\"description\":\"\",\"publisher\":{\"@id\":\"https:\\\/\\\/kravmaga-blackbelt-93.fr\\\/#organization\"},\"alternateName\":\"KM2B93 KMBB93 Krav Maga Aulnay sous Bois\",\"potentialAction\":[{\"@type\":\"SearchAction\",\"target\":{\"@type\":\"EntryPoint\",\"urlTemplate\":\"https:\\\/\\\/kravmaga-blackbelt-93.fr\\\/?s={search_term_string}\"},\"query-input\":{\"@type\":\"PropertyValueSpecification\",\"valueRequired\":true,\"valueName\":\"search_term_string\"}}],\"inLanguage\":\"en-US\"},{\"@type\":\"Organization\",\"@id\":\"https:\\\/\\\/kravmaga-blackbelt-93.fr\\\/#organization\",\"name\":\"Krav Maga Black Belt 93 - Aulnay sous Bois\",\"url\":\"https:\\\/\\\/kravmaga-blackbelt-93.fr\\\/\",\"logo\":{\"@type\":\"ImageObject\",\"inLanguage\":\"en-US\",\"@id\":\"https:\\\/\\\/kravmaga-blackbelt-93.fr\\\/#\\\/schema\\\/logo\\\/image\\\/\",\"url\":\"https:\\\/\\\/kravmaga-blackbelt-93.fr\\\/wp-content\\\/uploads\\\/2025\\\/08\\\/cropped-Logo-New.jpg\",\"contentUrl\":\"https:\\\/\\\/kravmaga-blackbelt-93.fr\\\/wp-content\\\/uploads\\\/2025\\\/08\\\/cropped-Logo-New.jpg\",\"width\":1282,\"height\":1328,\"caption\":\"Krav Maga Black Belt 93 - Aulnay sous Bois\"},\"image\":{\"@id\":\"https:\\\/\\\/kravmaga-blackbelt-93.fr\\\/#\\\/schema\\\/logo\\\/image\\\/\"},\"sameAs\":[\"https:\\\/\\\/www.facebook.com\\\/people\\\/Krav-Maga-BlackBelt\\\/61565493506169\",\"https:\\\/\\\/www.instagram.com\\\/kravmaga.blackbelt.93\",\"https:\\\/\\\/share.google\\\/cUAo8vgkkXyy5NLsB\"]}]}<\/script>\n<!-- \/ Yoast SEO plugin. -->","yoast_head_json":{"title":"Partenaires - Krav Maga Black Belt 93","robots":{"index":"index","follow":"follow","max-snippet":"max-snippet:-1","max-image-preview":"max-image-preview:large","max-video-preview":"max-video-preview:-1"},"canonical":"https:\/\/kravmaga-blackbelt-93.fr\/index.php\/partenaires\/","og_locale":"en_US","og_type":"article","og_title":"Partenaires - Krav Maga Black Belt 93","og_description":"Nos Partenaires Privil\u00e9gi\u00e9s Chez Krav Maga Black Belt 93, nous ne nous battons pas seulement sur le tapis ; nous cherchons aussi \u00e0 vous offrir des avantages concrets dans la vie de tous les jours ! \ud83e\udd4a C&#8217;est pourquoi nous sommes fiers de vous annoncer notre partenariat exclusif avec le CIC ! \ud83e\udd1d Un Coup [&hellip;]","og_url":"https:\/\/kravmaga-blackbelt-93.fr\/index.php\/partenaires\/","og_site_name":"Krav Maga Black Belt 93","article_publisher":"https:\/\/www.facebook.com\/people\/Krav-Maga-BlackBelt\/61565493506169","article_modified_time":"2025-10-15T05:46:41+00:00","og_image":[{"url":"https:\/\/cdnii.e-i.com\/INGR\/sd\/cic_2023\/7.122.4\/fr\/images\/css\/env\/logo.svg","type":"","width":"","height":""}],"twitter_card":"summary_large_image","twitter_misc":{"Est. reading time":"2 minutes"},"schema":{"@context":"https:\/\/schema.org","@graph":[{"@type":"WebPage","@id":"https:\/\/kravmaga-blackbelt-93.fr\/index.php\/partenaires\/","url":"https:\/\/kravmaga-blackbelt-93.fr\/index.php\/partenaires\/","name":"Partenaires - Krav Maga Black Belt 93","isPartOf":{"@id":"https:\/\/kravmaga-blackbelt-93.fr\/#website"},"primaryImageOfPage":{"@id":"https:\/\/kravmaga-blackbelt-93.fr\/index.php\/partenaires\/#primaryimage"},"image":{"@id":"https:\/\/kravmaga-blackbelt-93.fr\/index.php\/partenaires\/#primaryimage"},"thumbnailUrl":"https:\/\/cdnii.e-i.com\/INGR\/sd\/cic_2023\/7.122.4\/fr\/images\/css\/env\/logo.svg","datePublished":"2025-10-09T12:08:21+00:00","dateModified":"2025-10-15T05:46:41+00:00","breadcrumb":{"@id":"https:\/\/kravmaga-blackbelt-93.fr\/index.php\/partenaires\/#breadcrumb"},"inLanguage":"en-US","potentialAction":[{"@type":"ReadAction","target":["https:\/\/kravmaga-blackbelt-93.fr\/index.php\/partenaires\/"]}]},{"@type":"ImageObject","inLanguage":"en-US","@id":"https:\/\/kravmaga-blackbelt-93.fr\/index.php\/partenaires\/#primaryimage","url":"https:\/\/cdnii.e-i.com\/INGR\/sd\/cic_2023\/7.122.4\/fr\/images\/css\/env\/logo.svg","contentUrl":"https:\/\/cdnii.e-i.com\/INGR\/sd\/cic_2023\/7.122.4\/fr\/images\/css\/env\/logo.svg"},{"@type":"BreadcrumbList","@id":"https:\/\/kravmaga-blackbelt-93.fr\/index.php\/partenaires\/#breadcrumb","itemListElement":[{"@type":"ListItem","position":1,"name":"Accueil","item":"https:\/\/kravmaga-blackbelt-93.fr\/"},{"@type":"ListItem","position":2,"name":"Partenaires"}]},{"@type":"WebSite","@id":"https:\/\/kravmaga-blackbelt-93.fr\/#website","url":"https:\/\/kravmaga-blackbelt-93.fr\/","name":"Krav Maga Black Belt 93","description":"","publisher":{"@id":"https:\/\/kravmaga-blackbelt-93.fr\/#organization"},"alternateName":"KM2B93 KMBB93 Krav Maga Aulnay sous Bois","potentialAction":[{"@type":"SearchAction","target":{"@type":"EntryPoint","urlTemplate":"https:\/\/kravmaga-blackbelt-93.fr\/?s={search_term_string}"},"query-input":{"@type":"PropertyValueSpecification","valueRequired":true,"valueName":"search_term_string"}}],"inLanguage":"en-US"},{"@type":"Organization","@id":"https:\/\/kravmaga-blackbelt-93.fr\/#organization","name":"Krav Maga Black Belt 93 - Aulnay sous Bois","url":"https:\/\/kravmaga-blackbelt-93.fr\/","logo":{"@type":"ImageObject","inLanguage":"en-US","@id":"https:\/\/kravmaga-blackbelt-93.fr\/#\/schema\/logo\/image\/","url":"https:\/\/kravmaga-blackbelt-93.fr\/wp-content\/uploads\/2025\/08\/cropped-Logo-New.jpg","contentUrl":"https:\/\/kravmaga-blackbelt-93.fr\/wp-content\/uploads\/2025\/08\/cropped-Logo-New.jpg","width":1282,"height":1328,"caption":"Krav Maga Black Belt 93 - Aulnay sous Bois"},"image":{"@id":"https:\/\/kravmaga-blackbelt-93.fr\/#\/schema\/logo\/image\/"},"sameAs":["https:\/\/www.facebook.com\/people\/Krav-Maga-BlackBelt\/61565493506169","https:\/\/www.instagram.com\/kravmaga.blackbelt.93","https:\/\/share.google\/cUAo8vgkkXyy5NLsB"]}]}},"_links":{"self":[{"href":"https:\/\/kravmaga-blackbelt-93.fr\/index.php\/wp-json\/wp\/v2\/pages\/346","targetHints":{"allow":["GET"]}}],"collection":[{"href":"https:\/\/kravmaga-blackbelt-93.fr\/index.php\/wp-json\/wp\/v2\/pages"}],"about":[{"href":"https:\/\/kravmaga-blackbelt-93.fr\/index.php\/wp-json\/wp\/v2\/types\/page"}],"author":[{"embeddable":true,"href":"https:\/\/kravmaga-blackbelt-93.fr\/index.php\/wp-json\/wp\/v2\/users\/1"}],"replies":[{"embeddable":true,"href":"https:\/\/kravmaga-blackbelt-93.fr\/index.php\/wp-json\/wp\/v2\/comments?post=346"}],"version-history":[{"count":21,"href":"https:\/\/kravmaga-blackbelt-93.fr\/index.php\/wp-json\/wp\/v2\/pages\/346\/revisions"}],"predecessor-version":[{"id":383,"href":"https:\/\/kravmaga-blackbelt-93.fr\/index.php\/wp-json\/wp\/v2\/pages\/346\/revisions\/383"}],"wp:attachment":[{"href":"https:\/\/kravmaga-blackbelt-93.fr\/index.php\/wp-json\/wp\/v2\/media?parent=346"}],"curies":[{"name":"wp","href":"https:\/\/api.w.org\/{rel}","templated":true}]}}